{"id":1000,"date":"2021-04-27T10:50:32","date_gmt":"2021-04-27T10:50:32","guid":{"rendered":"https:\/\/www.alessandrasavio.com\/?page_id=1000"},"modified":"2021-05-06T07:28:53","modified_gmt":"2021-05-06T07:28:53","slug":"cookie-privacy-policy","status":"publish","type":"page","link":"https:\/\/www.alessandrasavio.com\/eng\/cookie-privacy-policy\/","title":{"rendered":"Cookie &#038; Privacy Policy"},"content":{"rendered":"<div data-elementor-type=\"wp-page\" data-elementor-id=\"1000\" class=\"elementor elementor-1000\">\n\t\t\t\t\t\t<div class=\"elementor-inner\">\n\t\t\t\t<div class=\"elementor-section-wrap\">\n\t\t\t\t\t\t\t\t\t<section class=\"has_ae_slider elementor-section elementor-top-section elementor-element elementor-element-3db38056 elementor-section-boxed elementor-section-height-default elementor-section-height-default ae-bg-gallery-type-default\" data-id=\"3db38056\" data-element_type=\"section\">\n\t\t\t\t\t\t<div class=\"elementor-container elementor-column-gap-default\">\n\t\t\t\t\t\t\t<div class=\"elementor-row\">\n\t\t\t\t\t<div class=\"has_ae_slider elementor-column elementor-col-100 elementor-top-column elementor-element elementor-element-5b4f4bdd ae-bg-gallery-type-default\" data-id=\"5b4f4bdd\" data-element_type=\"column\">\n\t\t\t<div class=\"elementor-column-wrap elementor-element-populated\">\n\t\t\t\t\t\t\t<div class=\"elementor-widget-wrap\">\n\t\t\t\t\t\t<div class=\"elementor-element elementor-element-d45db76 elementor-widget elementor-widget-spacer\" data-id=\"d45db76\" data-element_type=\"widget\" data-widget_type=\"spacer.default\">\n\t\t\t\t<div class=\"elementor-widget-container\">\n\t\t\t\t\t<div class=\"elementor-spacer\">\n\t\t\t<div class=\"elementor-spacer-inner\"><\/div>\n\t\t<\/div>\n\t\t\t\t<\/div>\n\t\t\t\t<\/div>\n\t\t\t\t<div class=\"elementor-element elementor-element-89fec10 elementor-widget elementor-widget-heading\" data-id=\"89fec10\" data-element_type=\"widget\" data-widget_type=\"heading.default\">\n\t\t\t\t<div class=\"elementor-widget-container\">\n\t\t\t<h2 class=\"elementor-heading-title elementor-size-default\">Cookie & Privacy Policy<\/h2>\t\t<\/div>\n\t\t\t\t<\/div>\n\t\t\t\t<div class=\"elementor-element elementor-element-776aae3 elementor-widget elementor-widget-text-editor\" data-id=\"776aae3\" data-element_type=\"widget\" data-widget_type=\"text-editor.default\">\n\t\t\t\t<div class=\"elementor-widget-container\">\n\t\t\t\t\t\t\t\t<div class=\"elementor-text-editor elementor-clearfix\">\n\t\t\t\t<p>Ai Sensi Dell\u2019art. 13 Del Regolamento (UE) 679\/2016 Relativo Alla Protezione Delle Persone Fisiche Con Riguardo Al Trattamento Dei Dati\u00a0Personali<\/p><p>Alessandra Savio (nel seguito\u00a0 il \u201cTitolare\u201d), con sede legale in Via gelso 56, 70054 Giovinazzo (BA) \u2013 Italia, con Codice fiscale: SVALSN84P43A893M, in qualit\u00e0 di titolare del trattamento, vi informa, ai sensi dell\u2019art. 13 del Regolamento Europeo 679\/2016 relativo alla protezione dei dati personali (\u201cGDPR\u201d), in merito al trattamento dei vostri dati personali che sar\u00e0 effettuato dallo scrivente.<\/p><p><strong>1. TIPOLOGIA DI DATI TRATTATI<\/strong><br \/>La Societ\u00e0 \u00e8 titolare del trattamento dei dati personali comunicati dall\u2019Utente allo scrivente e comprendono:<br \/>\u2013 Cognome e Nome, Codice Fiscale ed altri numeri di identificazione, Telefono\/cellulare, Indirizzo E-Mail.<\/p><p><strong>2. FINALIT\u00c0 DEL TRATTAMENTO<\/strong><br \/>Il trattamento dei Dati \u00e8 effettuato dalla Societ\u00e0 nello svolgimento delle sue attivit\u00e0. In particolare, i Dati forniti dagli Interessati saranno oggetto di trattamento, con strumenti informatici e non, per le seguenti finalit\u00e0:<br \/>\u2013 Gestione delle relazioni commerciali<br \/>\u2013 Adempimenti amministrativi, contabili e fiscali<br \/>Il criterio di liceit\u00e0 nonch\u00e9 la base giuridica per cui si rende possibile il trattamento dei dati personali \u00e8 rappresentato dal CONSENSO ESPLICITO che l\u2019interessato deve esprimere per la specifica finalit\u00e0 del trattamento.<\/p><p><strong>3. MODALIT\u00c0 DEL TRATTAMENTO<\/strong><br \/>I Dati saranno trattati dalla Societ\u00e0 con sistemi elettronici e manuali secondo i principi di correttezza, lealt\u00e0 e trasparenza previsti dalla normativa applicabile in materia di protezione dei dati personali e tutelando la riservatezza dell\u2019Interessato tramite misure di sicurezza tecniche e organizzative per garantire un livello di sicurezza adeguato.<\/p><p><strong>4. CONSERVAZIONE DEI DATI<\/strong><br \/>I Dati forniti dall\u2019Interessato saranno trattati per una lasso di tempo subordinato all\u2019esistenza di relazioni commerciali con il fornitore, fatte salve le disposizioni in materia di conservazione dei dati contabili e fiscali.<\/p><p><strong>5. COMUNICAZIONE, DIFFUSIONE E TRASFERIMENTO DEI DATI<\/strong><br \/>I Dati saranno trattati, nei limiti di quanto necessario, dal personale autorizzato, adeguatamente istruito e formato, dal Titolare nonch\u00e9 dal personale dei soggetti terzi che prestano servizi al Titolare ed effettuano trattamenti di Dati per conto e su istruzione di quest\u2019ultimo quali responsabili del trattamento.<br \/>In caso di comunicazione a terzi i destinatari potranno essere:<br \/>\u2013 Addetti all\u2019utilizzo del software, professionisti ai quali ci rivolgiamo per adempiere agli obblighi previsti.<\/p><p>Pi\u00f9 in generale, nello svolgimento delle proprie attivit\u00e0 ordinarie aziendali i Dati potranno essere comunicati a soggetti che:<br \/>svolgono attivit\u00e0 di controllo, revisione e certificazione delle attivit\u00e0 poste in essere dal Titolare, consulenti e liberi professionisti nel<br \/>contesto di servizi di assistenza fiscale, giudiziale e in caso di operazioni societarie per cui si renda necessario valutare gli asset<br \/>aziendali,<\/p><p>enti e amministrazioni pubbliche, nonch\u00e9 a soggetti legittimati per legge a ricevere tali informazioni, autorit\u00e0 giudiziarie italiane e<br \/>straniere e altre pubbliche autorit\u00e0, per le finalit\u00e0 connesse all\u2019adempimento di obblighi legali, o per l\u2019espletamento delle<br \/>obbligazioni assunte e scaturenti dalla relazione contrattuale, compreso per esigenza di difesa in giudizio.<\/p><p><strong>6. ULTERIORI SOGGETTI COLLEGATI AL TRATTAMENTO<\/strong><br \/>\u2013 Responsabile del trattamento:<br \/>Nome e Cognome: Alessandra Savio<br \/>Codice fiscale: SVALSN84P43A893M<br \/>Contatto email: sudmisura@gmail.com<br \/>\u2013 Non \u00e8 stato nominato il responsabile della protezione dei dati<\/p><p><strong>7. DIRITTI DELL\u2019INTERESSATO<\/strong><br \/>L\u2019Interessato potr\u00e0 esercitare, in relazione al trattamento dei dati ivi descritto, i diritti previsti dal GDPR (artt. 15-21), ivi inclusi:<\/p><p>ricevere conferma dell\u2019esistenza dei Dati e accedere al loro contenuto (diritti di accesso);<\/p><p>aggiornare, modificare e\/o correggere i Dati (diritto di rettifica);<\/p><p>chiederne la cancellazione o la limitazione del trattamento dei Dati trattati in violazione di legge compresi quelli di cui non \u00e8<br \/>necessaria la conservazione in relazione agli scopi per i quali i Dati sono stati raccolti o altrimenti trattati (diritto all\u2019oblio e diritto<br \/>alla limitazione);<\/p><p>opporsi al trattamento (diritto di opposizione);<\/p><p>proporre reclamo all\u2019Autorit\u00e0 di controllo (Garante per la protezione dei dati personali www.garanteprivacy.it) in caso di<br \/>violazione della disciplina in materia di protezione dei dati personali;<\/p><p>ricevere copia in formato elettronico dei Dati che lo riguardano come Interessato, quando tali Dati siano stati resi nel contesto<br \/>del contratto e chiedere che tali Dati siano trasmessi ad un altro titolare del trattamento (diritto alla portabilit\u00e0 dei dati).<\/p><p>Per esercitare tali diritti l\u2019Interessato pu\u00f2 contattare direttamente il Responsabile del trattamento inviando una richiesta mediante qualunque modalit\u00e0 (cartacea ovvero posta elettronica).<br \/>Nel contattarci, l\u2019Interessato dovr\u00e0 accertarsi di includere il proprio nome, email\/indirizzo postale e\/o numero\/i di telefono per essere sicuro che la sua richiesta possa essere gestita correttamente.<\/p>\t\t\t\t\t<\/div>\n\t\t\t\t\t\t<\/div>\n\t\t\t\t<\/div>\n\t\t\t\t<div class=\"elementor-element elementor-element-4ac311f elementor-widget elementor-widget-spacer\" data-id=\"4ac311f\" data-element_type=\"widget\" data-widget_type=\"spacer.default\">\n\t\t\t\t<div class=\"elementor-widget-container\">\n\t\t\t\t\t<div class=\"elementor-spacer\">\n\t\t\t<div class=\"elementor-spacer-inner\"><\/div>\n\t\t<\/div>\n\t\t\t\t<\/div>\n\t\t\t\t<\/div>\n\t\t\t\t\t\t<\/div>\n\t\t\t\t\t<\/div>\n\t\t<\/div>\n\t\t\t\t\t\t\t\t<\/div>\n\t\t\t\t\t<\/div>\n\t\t<\/section>\n\t\t\t\t\t\t\t\t\t<\/div>\n\t\t\t<\/div>\n\t\t\t\t\t<\/div>","protected":false},"excerpt":{"rendered":"<p>Cookie &#038; Privacy Policy Ai Sensi Dell\u2019art. 13 Del Regolamento (UE) 679\/2016 Relativo Alla Protezione Delle Persone Fisiche Con Riguardo Al Trattamento Dei Dati\u00a0Personali Alessandra Savio (nel seguito\u00a0 il \u201cTitolare\u201d), con sede legale in Via gelso 56, 70054 Giovinazzo (BA) \u2013 Italia, con Codice fiscale: SVALSN84P43A893M, in qualit\u00e0 di titolare del trattamento, vi informa, ai [&hellip;]<\/p>","protected":false},"author":1,"featured_media":0,"parent":0,"menu_order":0,"comment_status":"closed","ping_status":"closed","template":"elementor_header_footer","meta":[],"_links":{"self":[{"href":"https:\/\/www.alessandrasavio.com\/eng\/wp-json\/wp\/v2\/pages\/1000"}],"collection":[{"href":"https:\/\/www.alessandrasavio.com\/eng\/wp-json\/wp\/v2\/pages"}],"about":[{"href":"https:\/\/www.alessandrasavio.com\/eng\/wp-json\/wp\/v2\/types\/page"}],"author":[{"embeddable":true,"href":"https:\/\/www.alessandrasavio.com\/eng\/wp-json\/wp\/v2\/users\/1"}],"replies":[{"embeddable":true,"href":"https:\/\/www.alessandrasavio.com\/eng\/wp-json\/wp\/v2\/comments?post=1000"}],"version-history":[{"count":16,"href":"https:\/\/www.alessandrasavio.com\/eng\/wp-json\/wp\/v2\/pages\/1000\/revisions"}],"predecessor-version":[{"id":1098,"href":"https:\/\/www.alessandrasavio.com\/eng\/wp-json\/wp\/v2\/pages\/1000\/revisions\/1098"}],"wp:attachment":[{"href":"https:\/\/www.alessandrasavio.com\/eng\/wp-json\/wp\/v2\/media?parent=1000"}],"curies":[{"name":"wp","href":"https:\/\/api.w.org\/{rel}","templated":true}]}}